{"id":1930,"date":"2023-02-27T13:24:54","date_gmt":"2023-02-27T12:24:54","guid":{"rendered":"https:\/\/enriquearellanofarias.com\/mi-cuenta\/"},"modified":"2026-04-20T14:00:05","modified_gmt":"2026-04-20T12:00:05","slug":"portal-paciente","status":"publish","type":"page","link":"https:\/\/enriquearellanofarias.com\/es\/portal-paciente\/","title":{"rendered":"Portal de Paciente"},"content":{"rendered":"\t\t<div data-elementor-type=\"wp-page\" data-elementor-id=\"1930\" class=\"elementor elementor-1930 elementor-1224\" data-elementor-post-type=\"page\">\n\t\t\t\t\t\t<section class=\"elementor-section elementor-top-section elementor-element elementor-element-cee0932 elementor-section-height-min-height elementor-section-full_width elementor-section-height-default elementor-section-items-middle\" data-id=\"cee0932\" data-element_type=\"section\" data-e-type=\"section\" data-settings=\"{&quot;background_background&quot;:&quot;classic&quot;}\">\n\t\t\t\t\t\t\t<div class=\"elementor-background-overlay\"><\/div>\n\t\t\t\t\t\t\t<div class=\"elementor-container elementor-column-gap-default\">\n\t\t\t\t\t<div class=\"elementor-column elementor-col-100 elementor-top-column elementor-element elementor-element-e2d9498\" data-id=\"e2d9498\" data-element_type=\"column\" data-e-type=\"column\">\n\t\t\t<div class=\"elementor-widget-wrap elementor-element-populated\">\n\t\t\t\t\t\t<div class=\"elementor-element elementor-element-48e59bb elementor-widget elementor-widget-heading\" data-id=\"48e59bb\" data-element_type=\"widget\" data-e-type=\"widget\" data-widget_type=\"heading.default\">\n\t\t\t\t<div class=\"elementor-widget-container\">\n\t\t\t\t\t<h2 class=\"elementor-heading-title elementor-size-default\">Portal de paciente<\/h2>\t\t\t\t<\/div>\n\t\t\t\t<\/div>\n\t\t\t\t\t<\/div>\n\t\t<\/div>\n\t\t\t\t\t<\/div>\n\t\t<\/section>\n\t\t\t\t<section class=\"elementor-section elementor-top-section elementor-element elementor-element-ecf9e7b elementor-section-boxed elementor-section-height-default elementor-section-height-default\" data-id=\"ecf9e7b\" data-element_type=\"section\" data-e-type=\"section\">\n\t\t\t\t\t\t<div class=\"elementor-container elementor-column-gap-default\">\n\t\t\t\t\t<div class=\"elementor-column elementor-col-100 elementor-top-column elementor-element elementor-element-e32e105\" data-id=\"e32e105\" data-element_type=\"column\" data-e-type=\"column\">\n\t\t\t<div class=\"elementor-widget-wrap elementor-element-populated\">\n\t\t\t\t\t\t<div class=\"elementor-element elementor-element-eab49e0 e-my-account-tabs-horizontal afp-my-account elementor-widget elementor-widget-woocommerce-my-account\" data-id=\"eab49e0\" data-element_type=\"widget\" data-e-type=\"widget\" data-widget_type=\"woocommerce-my-account.default\">\n\t\t\t\t<div class=\"elementor-widget-container\">\n\t\t\t\t\t<div class=\"e-my-account-tab e-my-account-tab__ \">\t\t\t<div class=\"woocommerce\"><\/div>\t\t<\/div>\n\t\t\t\t\t\t<\/div>\n\t\t\t\t<\/div>\n\t\t\t\t\t<\/div>\n\t\t<\/div>\n\t\t\t\t\t<\/div>\n\t\t<\/section>\n\t\t\t\t<section class=\"elementor-section elementor-top-section elementor-element elementor-element-bb3c0cd afp-after-login  elementor-section-boxed elementor-section-height-default elementor-section-height-default\" data-id=\"bb3c0cd\" data-element_type=\"section\" data-e-type=\"section\">\n\t\t\t\t\t\t<div class=\"elementor-container elementor-column-gap-default\">\n\t\t\t\t\t<div class=\"elementor-column elementor-col-100 elementor-top-column elementor-element elementor-element-5802a11\" data-id=\"5802a11\" data-element_type=\"column\" data-e-type=\"column\">\n\t\t\t<div class=\"elementor-widget-wrap elementor-element-populated\">\n\t\t\t\t\t\t<div class=\"elementor-element elementor-element-cddeb1a elementor-widget elementor-widget-heading\" data-id=\"cddeb1a\" data-element_type=\"widget\" data-e-type=\"widget\" data-widget_type=\"heading.default\">\n\t\t\t\t<div class=\"elementor-widget-container\">\n\t\t\t\t\t<h2 class=\"elementor-heading-title elementor-size-default\">Tus reservas<\/h2>\t\t\t\t<\/div>\n\t\t\t\t<\/div>\n\t\t\t\t<div class=\"elementor-element elementor-element-a5c1a88 elementor-widget elementor-widget-text-editor\" data-id=\"a5c1a88\" data-element_type=\"widget\" data-e-type=\"widget\" data-widget_type=\"text-editor.default\">\n\t\t\t\t<div class=\"elementor-widget-container\">\n\t\t\t\t\t\t\t\t\t<p>A continuaci\u00f3n puedes ver tus reservas. <strong>Para reprogramar una cita<\/strong>, por favor haz click en el <strong>l\u00e1piz. <\/strong>Por favor recuerda que las reprogramaciones y cancelaciones deben realizarse con al menos 24 horas de anticipaci\u00f3n<\/p>\n\t\t\t\t\t\t\t\t<\/div>\n\t\t\t\t<\/div>\n\t\t\t\t<div class=\"elementor-element elementor-element-8ec6867 elementor-widget elementor-widget-ameliacustomerpanel\" data-id=\"8ec6867\" data-element_type=\"widget\" data-e-type=\"widget\" data-widget_type=\"ameliacustomerpanel.default\">\n\t\t\t\t<div class=\"elementor-widget-container\">\n\t\t\t\t\t\n<script>\nvar wpAmeliaTimeZones = [\"Africa\\\/Abidjan\",\"Africa\\\/Accra\",\"Africa\\\/Addis_Ababa\",\"Africa\\\/Algiers\",\"Africa\\\/Asmara\",\"Africa\\\/Bamako\",\"Africa\\\/Bangui\",\"Africa\\\/Banjul\",\"Africa\\\/Bissau\",\"Africa\\\/Blantyre\",\"Africa\\\/Brazzaville\",\"Africa\\\/Bujumbura\",\"Africa\\\/Cairo\",\"Africa\\\/Casablanca\",\"Africa\\\/Ceuta\",\"Africa\\\/Conakry\",\"Africa\\\/Dakar\",\"Africa\\\/Dar_es_Salaam\",\"Africa\\\/Djibouti\",\"Africa\\\/Douala\",\"Africa\\\/El_Aaiun\",\"Africa\\\/Freetown\",\"Africa\\\/Gaborone\",\"Africa\\\/Harare\",\"Africa\\\/Johannesburg\",\"Africa\\\/Juba\",\"Africa\\\/Kampala\",\"Africa\\\/Khartoum\",\"Africa\\\/Kigali\",\"Africa\\\/Kinshasa\",\"Africa\\\/Lagos\",\"Africa\\\/Libreville\",\"Africa\\\/Lome\",\"Africa\\\/Luanda\",\"Africa\\\/Lubumbashi\",\"Africa\\\/Lusaka\",\"Africa\\\/Malabo\",\"Africa\\\/Maputo\",\"Africa\\\/Maseru\",\"Africa\\\/Mbabane\",\"Africa\\\/Mogadishu\",\"Africa\\\/Monrovia\",\"Africa\\\/Nairobi\",\"Africa\\\/Ndjamena\",\"Africa\\\/Niamey\",\"Africa\\\/Nouakchott\",\"Africa\\\/Ouagadougou\",\"Africa\\\/Porto-Novo\",\"Africa\\\/Sao_Tome\",\"Africa\\\/Tripoli\",\"Africa\\\/Tunis\",\"Africa\\\/Windhoek\",\"America\\\/Adak\",\"America\\\/Anchorage\",\"America\\\/Anguilla\",\"America\\\/Antigua\",\"America\\\/Araguaina\",\"America\\\/Argentina\\\/Buenos_Aires\",\"America\\\/Argentina\\\/Catamarca\",\"America\\\/Argentina\\\/Cordoba\",\"America\\\/Argentina\\\/Jujuy\",\"America\\\/Argentina\\\/La_Rioja\",\"America\\\/Argentina\\\/Mendoza\",\"America\\\/Argentina\\\/Rio_Gallegos\",\"America\\\/Argentina\\\/Salta\",\"America\\\/Argentina\\\/San_Juan\",\"America\\\/Argentina\\\/San_Luis\",\"America\\\/Argentina\\\/Tucuman\",\"America\\\/Argentina\\\/Ushuaia\",\"America\\\/Aruba\",\"America\\\/Asuncion\",\"America\\\/Atikokan\",\"America\\\/Bahia\",\"America\\\/Bahia_Banderas\",\"America\\\/Barbados\",\"America\\\/Belem\",\"America\\\/Belize\",\"America\\\/Blanc-Sablon\",\"America\\\/Boa_Vista\",\"America\\\/Bogota\",\"America\\\/Boise\",\"America\\\/Cambridge_Bay\",\"America\\\/Campo_Grande\",\"America\\\/Cancun\",\"America\\\/Caracas\",\"America\\\/Cayenne\",\"America\\\/Cayman\",\"America\\\/Chicago\",\"America\\\/Chihuahua\",\"America\\\/Ciudad_Juarez\",\"America\\\/Costa_Rica\",\"America\\\/Creston\",\"America\\\/Cuiaba\",\"America\\\/Curacao\",\"America\\\/Danmarkshavn\",\"America\\\/Dawson\",\"America\\\/Dawson_Creek\",\"America\\\/Denver\",\"America\\\/Detroit\",\"America\\\/Dominica\",\"America\\\/Edmonton\",\"America\\\/Eirunepe\",\"America\\\/El_Salvador\",\"America\\\/Fort_Nelson\",\"America\\\/Fortaleza\",\"America\\\/Glace_Bay\",\"America\\\/Goose_Bay\",\"America\\\/Grand_Turk\",\"America\\\/Grenada\",\"America\\\/Guadeloupe\",\"America\\\/Guatemala\",\"America\\\/Guayaquil\",\"America\\\/Guyana\",\"America\\\/Halifax\",\"America\\\/Havana\",\"America\\\/Hermosillo\",\"America\\\/Indiana\\\/Indianapolis\",\"America\\\/Indiana\\\/Knox\",\"America\\\/Indiana\\\/Marengo\",\"America\\\/Indiana\\\/Petersburg\",\"America\\\/Indiana\\\/Tell_City\",\"America\\\/Indiana\\\/Vevay\",\"America\\\/Indiana\\\/Vincennes\",\"America\\\/Indiana\\\/Winamac\",\"America\\\/Inuvik\",\"America\\\/Iqaluit\",\"America\\\/Jamaica\",\"America\\\/Juneau\",\"America\\\/Kentucky\\\/Louisville\",\"America\\\/Kentucky\\\/Monticello\",\"America\\\/Kralendijk\",\"America\\\/La_Paz\",\"America\\\/Lima\",\"America\\\/Los_Angeles\",\"America\\\/Lower_Princes\",\"America\\\/Maceio\",\"America\\\/Managua\",\"America\\\/Manaus\",\"America\\\/Marigot\",\"America\\\/Martinique\",\"America\\\/Matamoros\",\"America\\\/Mazatlan\",\"America\\\/Menominee\",\"America\\\/Merida\",\"America\\\/Metlakatla\",\"America\\\/Mexico_City\",\"America\\\/Miquelon\",\"America\\\/Moncton\",\"America\\\/Monterrey\",\"America\\\/Montevideo\",\"America\\\/Montserrat\",\"America\\\/Nassau\",\"America\\\/New_York\",\"America\\\/Nome\",\"America\\\/Noronha\",\"America\\\/North_Dakota\\\/Beulah\",\"America\\\/North_Dakota\\\/Center\",\"America\\\/North_Dakota\\\/New_Salem\",\"America\\\/Nuuk\",\"America\\\/Ojinaga\",\"America\\\/Panama\",\"America\\\/Paramaribo\",\"America\\\/Phoenix\",\"America\\\/Port-au-Prince\",\"America\\\/Port_of_Spain\",\"America\\\/Porto_Velho\",\"America\\\/Puerto_Rico\",\"America\\\/Punta_Arenas\",\"America\\\/Rankin_Inlet\",\"America\\\/Recife\",\"America\\\/Regina\",\"America\\\/Resolute\",\"America\\\/Rio_Branco\",\"America\\\/Santarem\",\"America\\\/Santiago\",\"America\\\/Santo_Domingo\",\"America\\\/Sao_Paulo\",\"America\\\/Scoresbysund\",\"America\\\/Sitka\",\"America\\\/St_Barthelemy\",\"America\\\/St_Johns\",\"America\\\/St_Kitts\",\"America\\\/St_Lucia\",\"America\\\/St_Thomas\",\"America\\\/St_Vincent\",\"America\\\/Swift_Current\",\"America\\\/Tegucigalpa\",\"America\\\/Thule\",\"America\\\/Tijuana\",\"America\\\/Toronto\",\"America\\\/Tortola\",\"America\\\/Vancouver\",\"America\\\/Whitehorse\",\"America\\\/Winnipeg\",\"America\\\/Yakutat\",\"Antarctica\\\/Casey\",\"Antarctica\\\/Davis\",\"Antarctica\\\/DumontDUrville\",\"Antarctica\\\/Macquarie\",\"Antarctica\\\/Mawson\",\"Antarctica\\\/McMurdo\",\"Antarctica\\\/Palmer\",\"Antarctica\\\/Rothera\",\"Antarctica\\\/Syowa\",\"Antarctica\\\/Troll\",\"Antarctica\\\/Vostok\",\"Arctic\\\/Longyearbyen\",\"Asia\\\/Aden\",\"Asia\\\/Almaty\",\"Asia\\\/Amman\",\"Asia\\\/Anadyr\",\"Asia\\\/Aqtau\",\"Asia\\\/Aqtobe\",\"Asia\\\/Ashgabat\",\"Asia\\\/Atyrau\",\"Asia\\\/Baghdad\",\"Asia\\\/Bahrain\",\"Asia\\\/Baku\",\"Asia\\\/Bangkok\",\"Asia\\\/Barnaul\",\"Asia\\\/Beirut\",\"Asia\\\/Bishkek\",\"Asia\\\/Brunei\",\"Asia\\\/Chita\",\"Asia\\\/Colombo\",\"Asia\\\/Damascus\",\"Asia\\\/Dhaka\",\"Asia\\\/Dili\",\"Asia\\\/Dubai\",\"Asia\\\/Dushanbe\",\"Asia\\\/Famagusta\",\"Asia\\\/Gaza\",\"Asia\\\/Hebron\",\"Asia\\\/Ho_Chi_Minh\",\"Asia\\\/Hong_Kong\",\"Asia\\\/Hovd\",\"Asia\\\/Irkutsk\",\"Asia\\\/Jakarta\",\"Asia\\\/Jayapura\",\"Asia\\\/Jerusalem\",\"Asia\\\/Kabul\",\"Asia\\\/Kamchatka\",\"Asia\\\/Karachi\",\"Asia\\\/Kathmandu\",\"Asia\\\/Khandyga\",\"Asia\\\/Kolkata\",\"Asia\\\/Krasnoyarsk\",\"Asia\\\/Kuala_Lumpur\",\"Asia\\\/Kuching\",\"Asia\\\/Kuwait\",\"Asia\\\/Macau\",\"Asia\\\/Magadan\",\"Asia\\\/Makassar\",\"Asia\\\/Manila\",\"Asia\\\/Muscat\",\"Asia\\\/Nicosia\",\"Asia\\\/Novokuznetsk\",\"Asia\\\/Novosibirsk\",\"Asia\\\/Omsk\",\"Asia\\\/Oral\",\"Asia\\\/Phnom_Penh\",\"Asia\\\/Pontianak\",\"Asia\\\/Pyongyang\",\"Asia\\\/Qatar\",\"Asia\\\/Qostanay\",\"Asia\\\/Qyzylorda\",\"Asia\\\/Riyadh\",\"Asia\\\/Sakhalin\",\"Asia\\\/Samarkand\",\"Asia\\\/Seoul\",\"Asia\\\/Shanghai\",\"Asia\\\/Singapore\",\"Asia\\\/Srednekolymsk\",\"Asia\\\/Taipei\",\"Asia\\\/Tashkent\",\"Asia\\\/Tbilisi\",\"Asia\\\/Tehran\",\"Asia\\\/Thimphu\",\"Asia\\\/Tokyo\",\"Asia\\\/Tomsk\",\"Asia\\\/Ulaanbaatar\",\"Asia\\\/Urumqi\",\"Asia\\\/Ust-Nera\",\"Asia\\\/Vientiane\",\"Asia\\\/Vladivostok\",\"Asia\\\/Yakutsk\",\"Asia\\\/Yangon\",\"Asia\\\/Yekaterinburg\",\"Asia\\\/Yerevan\",\"Atlantic\\\/Azores\",\"Atlantic\\\/Bermuda\",\"Atlantic\\\/Canary\",\"Atlantic\\\/Cape_Verde\",\"Atlantic\\\/Faroe\",\"Atlantic\\\/Madeira\",\"Atlantic\\\/Reykjavik\",\"Atlantic\\\/South_Georgia\",\"Atlantic\\\/St_Helena\",\"Atlantic\\\/Stanley\",\"Australia\\\/Adelaide\",\"Australia\\\/Brisbane\",\"Australia\\\/Broken_Hill\",\"Australia\\\/Darwin\",\"Australia\\\/Eucla\",\"Australia\\\/Hobart\",\"Australia\\\/Lindeman\",\"Australia\\\/Lord_Howe\",\"Australia\\\/Melbourne\",\"Australia\\\/Perth\",\"Australia\\\/Sydney\",\"Europe\\\/Amsterdam\",\"Europe\\\/Andorra\",\"Europe\\\/Astrakhan\",\"Europe\\\/Athens\",\"Europe\\\/Belgrade\",\"Europe\\\/Berlin\",\"Europe\\\/Bratislava\",\"Europe\\\/Brussels\",\"Europe\\\/Bucharest\",\"Europe\\\/Budapest\",\"Europe\\\/Busingen\",\"Europe\\\/Chisinau\",\"Europe\\\/Copenhagen\",\"Europe\\\/Dublin\",\"Europe\\\/Gibraltar\",\"Europe\\\/Guernsey\",\"Europe\\\/Helsinki\",\"Europe\\\/Isle_of_Man\",\"Europe\\\/Istanbul\",\"Europe\\\/Jersey\",\"Europe\\\/Kaliningrad\",\"Europe\\\/Kirov\",\"Europe\\\/Kyiv\",\"Europe\\\/Lisbon\",\"Europe\\\/Ljubljana\",\"Europe\\\/London\",\"Europe\\\/Luxembourg\",\"Europe\\\/Madrid\",\"Europe\\\/Malta\",\"Europe\\\/Mariehamn\",\"Europe\\\/Minsk\",\"Europe\\\/Monaco\",\"Europe\\\/Moscow\",\"Europe\\\/Oslo\",\"Europe\\\/Paris\",\"Europe\\\/Podgorica\",\"Europe\\\/Prague\",\"Europe\\\/Riga\",\"Europe\\\/Rome\",\"Europe\\\/Samara\",\"Europe\\\/San_Marino\",\"Europe\\\/Sarajevo\",\"Europe\\\/Saratov\",\"Europe\\\/Simferopol\",\"Europe\\\/Skopje\",\"Europe\\\/Sofia\",\"Europe\\\/Stockholm\",\"Europe\\\/Tallinn\",\"Europe\\\/Tirane\",\"Europe\\\/Ulyanovsk\",\"Europe\\\/Vaduz\",\"Europe\\\/Vatican\",\"Europe\\\/Vienna\",\"Europe\\\/Vilnius\",\"Europe\\\/Volgograd\",\"Europe\\\/Warsaw\",\"Europe\\\/Zagreb\",\"Europe\\\/Zurich\",\"Indian\\\/Antananarivo\",\"Indian\\\/Chagos\",\"Indian\\\/Christmas\",\"Indian\\\/Cocos\",\"Indian\\\/Comoro\",\"Indian\\\/Kerguelen\",\"Indian\\\/Mahe\",\"Indian\\\/Maldives\",\"Indian\\\/Mauritius\",\"Indian\\\/Mayotte\",\"Indian\\\/Reunion\",\"Pacific\\\/Apia\",\"Pacific\\\/Auckland\",\"Pacific\\\/Bougainville\",\"Pacific\\\/Chatham\",\"Pacific\\\/Chuuk\",\"Pacific\\\/Easter\",\"Pacific\\\/Efate\",\"Pacific\\\/Fakaofo\",\"Pacific\\\/Fiji\",\"Pacific\\\/Funafuti\",\"Pacific\\\/Galapagos\",\"Pacific\\\/Gambier\",\"Pacific\\\/Guadalcanal\",\"Pacific\\\/Guam\",\"Pacific\\\/Honolulu\",\"Pacific\\\/Kanton\",\"Pacific\\\/Kiritimati\",\"Pacific\\\/Kosrae\",\"Pacific\\\/Kwajalein\",\"Pacific\\\/Majuro\",\"Pacific\\\/Marquesas\",\"Pacific\\\/Midway\",\"Pacific\\\/Nauru\",\"Pacific\\\/Niue\",\"Pacific\\\/Norfolk\",\"Pacific\\\/Noumea\",\"Pacific\\\/Pago_Pago\",\"Pacific\\\/Palau\",\"Pacific\\\/Pitcairn\",\"Pacific\\\/Pohnpei\",\"Pacific\\\/Port_Moresby\",\"Pacific\\\/Rarotonga\",\"Pacific\\\/Saipan\",\"Pacific\\\/Tahiti\",\"Pacific\\\/Tarawa\",\"Pacific\\\/Tongatapu\",\"Pacific\\\/Wake\",\"Pacific\\\/Wallis\",\"UTC\"];  var bookingEntitiesIds = (typeof bookingEntitiesIds === 'undefined') ? [] : bookingEntitiesIds;\n  bookingEntitiesIds.push(\n    {\n      'hasApiCall': 1,\n      'trigger': '',\n      'counter': '1000',\n      'cabinetType': 'customer',\n      'appointments': '1',\n      'events': '',\n    }\n  );\n<\/script>\n\n<script>\n  var ameliaShortcodeData = (typeof ameliaShortcodeData === 'undefined') ? [] : ameliaShortcodeData;\n  ameliaShortcodeData = [...ameliaShortcodeData, ...bookingEntitiesIds];\n  var ameliaShortcodeDataTriggered = (typeof ameliaShortcodeDataTriggered === 'undefined') ? [] : ameliaShortcodeDataTriggered;\n  if (ameliaShortcodeData[ameliaShortcodeData.length - 1].trigger !== '') {\n    if (ameliaShortcodeDataTriggered.filter(a => a.counter === ameliaShortcodeData[ameliaShortcodeData.length - 1].counter).length === 0) {\n      ameliaShortcodeDataTriggered.push(ameliaShortcodeData.pop());\n    } else {\n      ameliaShortcodeData.pop()\n    }\n  }\n<\/script>\n\n<div\n    id=\"amelia-v2-booking-1000\"\n    class=\"amelia-v2-booking \"\n>\n    <customer-panel-wrapper><\/customer-panel-wrapper>\n<\/div>\n\t\t\t\t<\/div>\n\t\t\t\t<\/div>\n\t\t\t\t\t<\/div>\n\t\t<\/div>\n\t\t\t\t\t<\/div>\n\t\t<\/section>\n\t\t\t\t<\/div>\n\t\t","protected":false},"excerpt":{"rendered":"<p>Portal de paciente Reserva una nueva cita Reservar cita Panel Pedidos Descargas Direcciones M\u00e9todos de pago Detalles de cuenta Cerrar sesi\u00f3n Panel Pedidos Descargas Direcciones M\u00e9todos de pago Detalles de cuenta Cerrar sesi\u00f3n Hola Anabella Papucci Desde tu cuenta puedes descargar tus facturas, actualizar tu domicilio, editar los detalles de tu cuenta y m\u00e1s. Para &#8230; <a title=\"Portal de Paciente\" class=\"read-more\" href=\"https:\/\/enriquearellanofarias.com\/es\/portal-paciente\/\" aria-label=\"Leer m\u00e1s sobre Portal de Paciente\">Leer m\u00e1s<\/a><\/p>\n","protected":false},"author":7,"featured_media":0,"parent":0,"menu_order":0,"comment_status":"closed","ping_status":"closed","template":"","meta":{"footnotes":""},"class_list":["post-1930","page","type-page","status-publish"],"jetpack_sharing_enabled":true,"_links":{"self":[{"href":"https:\/\/enriquearellanofarias.com\/es\/wp-json\/wp\/v2\/pages\/1930","targetHints":{"allow":["GET"]}}],"collection":[{"href":"https:\/\/enriquearellanofarias.com\/es\/wp-json\/wp\/v2\/pages"}],"about":[{"href":"https:\/\/enriquearellanofarias.com\/es\/wp-json\/wp\/v2\/types\/page"}],"author":[{"embeddable":true,"href":"https:\/\/enriquearellanofarias.com\/es\/wp-json\/wp\/v2\/users\/7"}],"replies":[{"embeddable":true,"href":"https:\/\/enriquearellanofarias.com\/es\/wp-json\/wp\/v2\/comments?post=1930"}],"version-history":[{"count":5,"href":"https:\/\/enriquearellanofarias.com\/es\/wp-json\/wp\/v2\/pages\/1930\/revisions"}],"predecessor-version":[{"id":5580,"href":"https:\/\/enriquearellanofarias.com\/es\/wp-json\/wp\/v2\/pages\/1930\/revisions\/5580"}],"wp:attachment":[{"href":"https:\/\/enriquearellanofarias.com\/es\/wp-json\/wp\/v2\/media?parent=1930"}],"curies":[{"name":"wp","href":"https:\/\/api.w.org\/{rel}","templated":true}]}}