{"id":2035,"date":"2020-06-24T12:32:32","date_gmt":"2020-06-24T10:32:32","guid":{"rendered":"https:\/\/enriquearellanofarias.com\/politica-de-cookies\/"},"modified":"2023-11-07T18:04:06","modified_gmt":"2023-11-07T17:04:06","slug":"politica-de-cookies","status":"publish","type":"page","link":"https:\/\/enriquearellanofarias.com\/es\/politica-de-cookies\/","title":{"rendered":"Pol\u00edtica de Cookies"},"content":{"rendered":"\t\t<div data-elementor-type=\"wp-page\" data-elementor-id=\"2035\" class=\"elementor elementor-2035 elementor-720\" data-elementor-post-type=\"page\">\n\t\t\t\t\t\t<section class=\"elementor-section elementor-top-section elementor-element elementor-element-baee13f afp-bg-color afp-legal-page afp-text-align-left elementor-section-boxed elementor-section-height-default elementor-section-height-default\" data-id=\"baee13f\" data-element_type=\"section\" data-e-type=\"section\">\n\t\t\t\t\t\t<div class=\"elementor-container elementor-column-gap-default\">\n\t\t\t\t\t<div class=\"elementor-column elementor-col-100 elementor-top-column elementor-element elementor-element-ef2f7e0\" data-id=\"ef2f7e0\" data-element_type=\"column\" data-e-type=\"column\" data-settings=\"{&quot;background_background&quot;:&quot;classic&quot;}\">\n\t\t\t<div class=\"elementor-widget-wrap elementor-element-populated\">\n\t\t\t\t\t\t<div class=\"elementor-element elementor-element-a0a3a7e elementor-widget elementor-widget-heading\" data-id=\"a0a3a7e\" data-element_type=\"widget\" data-e-type=\"widget\" data-widget_type=\"heading.default\">\n\t\t\t\t<div class=\"elementor-widget-container\">\n\t\t\t\t\t<h1 class=\"elementor-heading-title elementor-size-default\">Pol\u00edtica de Cookies<\/h1>\t\t\t\t<\/div>\n\t\t\t\t<\/div>\n\t\t\t\t<div class=\"elementor-element elementor-element-d0d90d3 afp-list elementor-widget elementor-widget-text-editor\" data-id=\"d0d90d3\" data-element_type=\"widget\" data-e-type=\"widget\" data-widget_type=\"text-editor.default\">\n\t\t\t\t<div class=\"elementor-widget-container\">\n\t\t\t\t\t\t\t\t\t<p>Conforme a lo dispuesto en el art\u00edculo 22.2 de la Ley 34\/2002, de 11 de julio, de Servicios de la Sociedad de la Informaci\u00f3n y de Comercio Electr\u00f3nico (LSSI-CE) vigente, ENRIQUE ARELLANO FARIAS debe cumplir con la obligaci\u00f3n de informar sobre las cookies que utiliza y sus finalidades.<\/p>\n<p>Este sitio web utiliza cookies y\/o tecnolog\u00edas similares que almacenan y recuperan informaci\u00f3n cuando navegas. Las cookies permiten a una p\u00e1gina web, entre otras cosas, almacenar y recuperar informaci\u00f3n sobre los h\u00e1bitos de navegaci\u00f3n de un Usuario o de su equipo y, dependiendo de la informaci\u00f3n que contenga y de la forma en que utilice su equipo, pueden utilizarse para reconocer al Usuario.<\/p>\n<p>Las cookies son esenciales para el funcionamiento de internet, aportando innumerables ventajas en la prestaci\u00f3n de servicios interactivos, facilit\u00e1ndole al Usuario la navegaci\u00f3n y usabilidad de nuestra web.<\/p>\n<p>El usuario puede modificar la configuraci\u00f3n personalizada AQUI<\/p>\n<p>La informaci\u00f3n que le proporcionamos a continuaci\u00f3n, le ayudar\u00e1 a comprender los diferentes tipos de cookies:<\/p>\n<ul>\n<li><strong>SEG\u00daN LA ENTIDAD QUE LAS GESTIONE:<\/strong>\n<ul>\n<li><strong>COOKIES PROPIAS:<\/strong> Son aquellas que se env\u00edan al equipo terminal del usuario desde un equipo o dominio gestionado por el propio editor y desde el que se presta el servicio solicitado por el usuario<\/li>\n<li><strong>COOKIES DE TERCERO:<\/strong> Son aquellas que se env\u00edan al equipo terminal del usuario desde un equipo o dominio que no es gestionado por el editor, sino por otra entidad que trata los datos obtenidos a trav\u00e9s de las cookies.<\/li>\n<\/ul>\n<\/li>\n<li><strong>SEG\u00daN EL PLAZO DE TIEMPO QUE PERMANEZCAN ACTIVADAS:<\/strong>\n<ul>\n<li><strong>COOKIES DE SESI\u00d3N:<\/strong> Son aquellas dise\u00f1adas para recabar y almacenar datos mientras el usuario accede a una p\u00e1gina web. Se suelen emplear para almacenar informaci\u00f3n que solo interesa conservar para la prestaci\u00f3n del servicio solicitado por el usuario en una sola ocasi\u00f3n (por ejemplo, una lista de productos adquiridos) y desaparecen al terminar la sesi\u00f3n<\/li>\n<li><strong>COOKIES PERSISTENTES<\/strong>: Son aquellas en las que los datos siguen almacenados en el terminal y pueden ser accedidos y tratados durante un periodo definido por el responsable de la cookie, y que puede ir de unos minutos a varios a\u00f1os.<\/li>\n<\/ul>\n<\/li>\n<li><strong>SEG\u00daN SU FINALIDAD:<\/strong>\n<ul>\n<li><strong>COOKIES T\u00c9CNICAS<\/strong>: Son aquellas que permiten al usuario la navegaci\u00f3n a trav\u00e9s de una p\u00e1gina web, plataforma o aplicaci\u00f3n y la utilizaci\u00f3n de las diferentes opciones o servicios que en ella existan<\/li>\n<li><strong>COOKIES DE PERSONALIZACI\u00d3N:<\/strong> Permiten aplicar caracter\u00edsticas propias para la navegaci\u00f3n del usuario por el website (Ej. idioma).<\/li>\n<li><strong>COOKIES DE AN\u00c1LISIS:<\/strong> Son aquellas que permiten al responsable de las mismas el seguimiento y an\u00e1lisis del comportamiento de los usuarios de los sitios web a los que est\u00e1n vinculadas, incluida la cuantificaci\u00f3n de los impactos de los anuncios. La informaci\u00f3n recogida mediante este tipo de cookies se utiliza en la medici\u00f3n de la actividad de los sitios web, aplicaci\u00f3n o plataforma, con el fin de introducir mejoras en funci\u00f3n del an\u00e1lisis de los datos de uso que hacen los usuarios del servicio.<\/li>\n<li><strong>COOKIES PUBLICITARIAS:<\/strong> Permiten al editor incluir en la p\u00e1gina web espacios publicitarios, seg\u00fan el contenido de la propia web.<\/li>\n<li><strong>COOKIES DE PUBLICIDAD COMPORTAMENTAL<\/strong>: Son aquellas que almacenan informaci\u00f3n del comportamiento de los usuarios obtenida a trav\u00e9s de la observaci\u00f3n continuada de sus h\u00e1bitos de navegaci\u00f3n, lo que permite desarrollar un perfil espec\u00edfico para mostrar publicidad en funci\u00f3n del mismo.<\/li>\n<\/ul>\n<\/li>\n<\/ul>\n\t\t\t\t\t\t\t\t<\/div>\n\t\t\t\t<\/div>\n\t\t\t\t<div class=\"elementor-element elementor-element-c25a310 elementor-widget elementor-widget-text-editor\" data-id=\"c25a310\" data-element_type=\"widget\" data-e-type=\"widget\" data-widget_type=\"text-editor.default\">\n\t\t\t\t<div class=\"elementor-widget-container\">\n\t\t\t\t\t\t\t\t\t<p>Adicionalmente, ENRIQUE ARELLANO FARIAS informa de manera m\u00e1s detallada de las cookies que utiliza sus titulares, el uso o finalidad concreta, los plazos de conservaci\u00f3n as\u00ed como de las Transferencias Internacionales de datos de cada una de ellas utilizadas en nuestra p\u00e1gina web: <strong>COOKIES NECESARIAS:<\/strong><\/p>\n<ul>\n<li><strong>Nombre de la cookie<\/strong>: elementor\n<ul>\n<li><strong>Proveedor<\/strong>: enriquearellanofarias.com<\/li>\n<li><strong>Tipo:<\/strong> HTML<\/li>\n<li><strong>Conservaci\u00f3n:<\/strong> Persistent<\/li>\n<li><strong>Finalidad<\/strong>: se utiliza en contexto con el tema de WordPress del sitio web. La cookie permite al propietario del sitio web implementar o cambiar el contenido del sitio web en tiempo real.<\/li>\n<\/ul>\n<\/li>\n<\/ul>\n<ul>\n<li><strong>Nombre de la cookie<\/strong>: wc_cart_hash_#\n<ul>\n<li><strong>Proveedor:<\/strong> enriquearellanofarias.com<\/li>\n<li><strong>Tipo:<\/strong> HTML<\/li>\n<li><strong>Duraci\u00f3n:<\/strong> Persistent<\/li>\n<li><strong>Finalidad:<\/strong> almacenar art\u00edculos en el carrito de compras.<\/li>\n<\/ul>\n<\/li>\n<\/ul>\n<ul>\n<li><strong>Nombre de la cookie<\/strong>: wc_fragments_#\n<ul>\n<li><strong>Proveedor:<\/strong> enriquearellanofarias.com<\/li>\n<li><strong>Tipo:<\/strong> HTML<\/li>\n<li><strong>Duraci\u00f3n:<\/strong> Sesi\u00f3n<\/li>\n<li><strong>Finalidad:<\/strong> cookie funcional para el funcionamiento de la tienda online<\/li>\n<\/ul>\n<\/li>\n<\/ul>\n<p><strong>COOKIES DE PREFERENCIAS:<\/strong><\/p>\n<ul>\n<li><strong>Nombre de la cookie<\/strong>: wp-wpml_current_language\n<ul>\n<li><strong>Proveedor<\/strong>: enriquearellanofarias.com<\/li>\n<li><strong>Tipo:<\/strong> HTTP<\/li>\n<li><strong>Conservaci\u00f3n:<\/strong> Sesi\u00f3n<\/li>\n<li><strong>Finalidad<\/strong>: Designa el c\u00f3digo de pa\u00eds que se calcula en funci\u00f3n de la direcci\u00f3n IP del usuario. Se utiliza para determinar qu\u00e9 idioma se debe utilizar para el visitante.<\/li>\n<\/ul>\n<\/li>\n<\/ul>\n\t\t\t\t\t\t\t\t<\/div>\n\t\t\t\t<\/div>\n\t\t\t\t<div class=\"elementor-element elementor-element-6302847 elementor-widget elementor-widget-text-editor\" data-id=\"6302847\" data-element_type=\"widget\" data-e-type=\"widget\" data-widget_type=\"text-editor.default\">\n\t\t\t\t<div class=\"elementor-widget-container\">\n\t\t\t\t\t\t\t\t\t<p>T\u00e9ngase en cuenta que, si acepta las cookies de terceros, deber\u00e1 eliminarlas desde las opciones del navegador\u00a0 o desde el sistema ofrecido por el propio tercero.<\/p>\n<p>A continuaci\u00f3n le proporcionamos los enlaces de diversos navegadores, a trav\u00e9s de los cuales podr\u00e1 modificar la\u00a0 configuraci\u00f3n de su navegador sobre el uso de cookies:<\/p>\n<p>\u25aa\u00a0<strong><em>Firefox desde aqu\u00ed:\u00a0<\/em><\/strong><span style=\"color: #0000ff; text-decoration: underline;\"><em>http:\/\/support.mozilla.org\/es\/kb\/habilitar-y-deshabilitar-cookies-que-los-sitios-we<\/em><\/span><\/p>\n<p>\u25aa\u00a0<strong><em>Chrome desde aqu\u00ed:\u00a0<\/em><\/strong><span style=\"color: #0000ff; text-decoration: underline;\"><em>http:\/\/support.google.com\/chrome\/bin\/answer.py?hl=es&amp;answer=95647<\/em><\/span><\/p>\n<p>\u25aa\u00a0<strong><em>Explorer desde aqu\u00ed: <\/em><\/strong><span style=\"color: #0000ff;\"><a style=\"color: #0000ff;\" href=\"https:\/\/support.microsoft.com\/en-gb\/windows\/delete-and-manage-cookies-168dab11-0753-043d-7c16-ede5947fc64d#ie=ie-10\" target=\"_blank\" rel=\"noopener\"><em>https:\/\/support.microsoft.com\/en-gb\/windows\/delete-and-manage-cookies-168dab11-0753-043d-7c16-ede5947fc64d#ie=ie-10<\/em><\/a><\/span><\/p>\n<p>\u25aa\u00a0<strong><em>Safari desde aqu\u00ed:\u00a0<\/em><\/strong><span style=\"color: #0000ff; text-decoration: underline;\"><em>https:\/\/support.apple.com\/kb\/ph17191?locale=es_ES<\/em><\/span><\/p>\n<p>\u25aa\u00a0<strong><em>Opera desde aqu\u00ed:\u00a0<\/em><\/strong><span style=\"color: #0000ff; text-decoration: underline;\"><em>https:\/\/help.opera.com\/en\/latest\/web-preferences\/#cookies<\/em><\/span><\/p>\n<p>Para conocer m\u00e1s informaci\u00f3n sobre el tratamiento de datos personales, le recomendamos visitar nuestro\u00a0 apartado \u201c<a href=\"https:\/\/enriquearellanofarias.com\/es\/politica-de-privacidad\/\"><span style=\"text-decoration: underline;\"><em>Pol\u00edtica de Privacidad<\/em><\/span>\u201d<\/a>.<\/p>\n<p><strong><span style=\"text-decoration: underline;\">\u00daLTIMA ACTUALIZACI\u00d3N<\/span>: 21 de octubre de 2021<\/strong><\/p>\n\t\t\t\t\t\t\t\t<\/div>\n\t\t\t\t<\/div>\n\t\t\t\t\t<\/div>\n\t\t<\/div>\n\t\t\t\t\t<\/div>\n\t\t<\/section>\n\t\t\t\t<\/div>\n\t\t","protected":false},"excerpt":{"rendered":"<p>Pol\u00edtica de Cookies Conforme a lo dispuesto en el art\u00edculo 22.2 de la Ley 34\/2002, de 11 de julio, de Servicios de la Sociedad de la Informaci\u00f3n y de Comercio Electr\u00f3nico (LSSI-CE) vigente, ENRIQUE ARELLANO FARIAS debe cumplir con la obligaci\u00f3n de informar sobre las cookies que utiliza y sus finalidades. Este sitio web utiliza &#8230; <a title=\"Pol\u00edtica de Cookies\" class=\"read-more\" href=\"https:\/\/enriquearellanofarias.com\/es\/politica-de-cookies\/\" aria-label=\"Leer m\u00e1s sobre Pol\u00edtica de Cookies\">Leer m\u00e1s<\/a><\/p>\n","protected":false},"author":7,"featured_media":0,"parent":0,"menu_order":0,"comment_status":"closed","ping_status":"closed","template":"","meta":{"footnotes":""},"class_list":["post-2035","page","type-page","status-publish"],"jetpack_sharing_enabled":true,"_links":{"self":[{"href":"https:\/\/enriquearellanofarias.com\/es\/wp-json\/wp\/v2\/pages\/2035","targetHints":{"allow":["GET"]}}],"collection":[{"href":"https:\/\/enriquearellanofarias.com\/es\/wp-json\/wp\/v2\/pages"}],"about":[{"href":"https:\/\/enriquearellanofarias.com\/es\/wp-json\/wp\/v2\/types\/page"}],"author":[{"embeddable":true,"href":"https:\/\/enriquearellanofarias.com\/es\/wp-json\/wp\/v2\/users\/7"}],"replies":[{"embeddable":true,"href":"https:\/\/enriquearellanofarias.com\/es\/wp-json\/wp\/v2\/comments?post=2035"}],"version-history":[{"count":3,"href":"https:\/\/enriquearellanofarias.com\/es\/wp-json\/wp\/v2\/pages\/2035\/revisions"}],"predecessor-version":[{"id":3492,"href":"https:\/\/enriquearellanofarias.com\/es\/wp-json\/wp\/v2\/pages\/2035\/revisions\/3492"}],"wp:attachment":[{"href":"https:\/\/enriquearellanofarias.com\/es\/wp-json\/wp\/v2\/media?parent=2035"}],"curies":[{"name":"wp","href":"https:\/\/api.w.org\/{rel}","templated":true}]}}