{"id":2040,"date":"2023-03-06T12:48:53","date_gmt":"2023-03-06T11:48:53","guid":{"rendered":"https:\/\/enriquearellanofarias.com\/sobre-mi\/"},"modified":"2025-02-12T19:40:12","modified_gmt":"2025-02-12T18:40:12","slug":"sobre-mi","status":"publish","type":"page","link":"https:\/\/enriquearellanofarias.com\/es\/sobre-mi\/","title":{"rendered":"Acerca de mi"},"content":{"rendered":"\t\t<div data-elementor-type=\"wp-page\" data-elementor-id=\"2040\" class=\"elementor elementor-2040 elementor-1666\" data-elementor-post-type=\"page\">\n\t\t\t\t\t\t<section class=\"elementor-section elementor-top-section elementor-element elementor-element-8ef9392 elementor-section-height-min-height elementor-section-boxed elementor-section-height-default elementor-section-items-middle\" data-id=\"8ef9392\" data-element_type=\"section\" data-e-type=\"section\" data-settings=\"{&quot;background_background&quot;:&quot;classic&quot;}\">\n\t\t\t\t\t\t<div class=\"elementor-container elementor-column-gap-default\">\n\t\t\t\t\t<div class=\"elementor-column elementor-col-100 elementor-top-column elementor-element elementor-element-7900066\" data-id=\"7900066\" data-element_type=\"column\" data-e-type=\"column\">\n\t\t\t<div class=\"elementor-widget-wrap\">\n\t\t\t\t\t\t\t<\/div>\n\t\t<\/div>\n\t\t\t\t\t<\/div>\n\t\t<\/section>\n\t\t\t\t<section class=\"elementor-section elementor-top-section elementor-element elementor-element-a778cb8 afp-bg-color elementor-section-boxed elementor-section-height-default elementor-section-height-default\" data-id=\"a778cb8\" data-element_type=\"section\" data-e-type=\"section\">\n\t\t\t\t\t\t<div class=\"elementor-container elementor-column-gap-default\">\n\t\t\t\t\t<div class=\"elementor-column elementor-col-100 elementor-top-column elementor-element elementor-element-6845736\" data-id=\"6845736\" data-element_type=\"column\" data-e-type=\"column\">\n\t\t\t<div class=\"elementor-widget-wrap elementor-element-populated\">\n\t\t\t\t\t\t<div class=\"elementor-element elementor-element-957ce3a elementor-widget elementor-widget-image\" data-id=\"957ce3a\" data-element_type=\"widget\" data-e-type=\"widget\" data-widget_type=\"image.default\">\n\t\t\t\t<div class=\"elementor-widget-container\">\n\t\t\t\t\t\t\t\t\t\t\t\t<figure class=\"wp-caption\">\n\t\t\t\t\t\t\t\t\t\t<img fetchpriority=\"high\" decoding=\"async\" width=\"300\" height=\"300\" src=\"https:\/\/enriquearellanofarias.com\/wp-content\/uploads\/2024\/02\/Enrique_Atenas-300x300.jpeg\" class=\"attachment-woocommerce_thumbnail size-woocommerce_thumbnail wp-image-3858\" alt=\"\" srcset=\"https:\/\/enriquearellanofarias.com\/wp-content\/uploads\/2024\/02\/Enrique_Atenas-300x300.jpeg 300w, https:\/\/enriquearellanofarias.com\/wp-content\/uploads\/2024\/02\/Enrique_Atenas-150x150.jpeg 150w, https:\/\/enriquearellanofarias.com\/wp-content\/uploads\/2024\/02\/Enrique_Atenas-100x100.jpeg 100w\" sizes=\"(max-width: 300px) 100vw, 300px\" \/>\t\t\t\t\t\t\t\t\t\t\t<figcaption class=\"widget-image-caption wp-caption-text\"><\/figcaption>\n\t\t\t\t\t\t\t\t\t\t<\/figure>\n\t\t\t\t\t\t\t\t\t<\/div>\n\t\t\t\t<\/div>\n\t\t\t\t<div class=\"elementor-element elementor-element-54f5546 elementor-widget elementor-widget-heading\" data-id=\"54f5546\" data-element_type=\"widget\" data-e-type=\"widget\" data-widget_type=\"heading.default\">\n\t\t\t\t<div class=\"elementor-widget-container\">\n\t\t\t\t\t<h1 class=\"elementor-heading-title elementor-size-default\">Enrique Arellano Farias, Psic\u00f3logo y Psicoterapeuta, colegiado del Col.legi Oficial de la Psicolog\u00eda de Catalunya no. 34140, de la Sociedad Brit\u00e1nica de Psicologia BPS GMBPsS member no. 688592, y miembro de la EABP.<\/h1>\t\t\t\t<\/div>\n\t\t\t\t<\/div>\n\t\t\t\t<div class=\"elementor-element elementor-element-deced30 elementor-widget elementor-widget-text-editor\" data-id=\"deced30\" data-element_type=\"widget\" data-e-type=\"widget\" data-widget_type=\"text-editor.default\">\n\t\t\t\t<div class=\"elementor-widget-container\">\n\t\t\t\t\t\t\t\t\t<p>\u00a1Hola y bienvenido a mi p\u00e1gina web!<\/p>\n<p>Mi nombre es Enrique Arellano Farias. Nac\u00ed en M\u00e9xico en 1967. Soy hispano, mexicano y griego por mi ascendencia y nacionalidades. Vivo en Europa desde 1986. Soy poliglota, me desempe\u00f1o con fluidez en cinco idiomas.\u00a0 Ofrezco servicios de terapia en ingl\u00e9s, espa\u00f1ol, franc\u00e9s o italiano. Soy un terapeuta comprometido a apoyar a las personas en su camino hacia la plenitud, el bienestar y el desarrollo \u00f3ptimo. Ofrezco terapia a medio y largo plazo para aquellos que me eligen como su terapeuta, y me esfuerzo por establecer una relaci\u00f3n basada en la confianza y la terapia segura con cada uno de mis pacientes.<\/p>\n<p>Recib\u00ed mi formaci\u00f3n en varias instituciones estimadas y profesores respetados, incluyendo The Open University, The AEDP Institute, BBSH, Istituto della Core Energetica, The IFS Institute, Center for Intentional Living, Mindsight Institute, Psychomotor Institute,\u00a0 Deep Brain Reorienting, entre otros.\u00a0 Adquir\u00ed amplios conocimientos y experiencia en los campos de la psicoterapia corporal, trauma, disociaci\u00f3n, psicoterapia relacional, sist\u00e9mica, psicodin\u00e1mica, y corporal.<\/p>\n<p>Como terapeuta, me centro en la sensaci\u00f3n sentida del cuerpo, el flujo y reflujo de las emociones y el sentido experiencial de estar juntos en la relaci\u00f3n terap\u00e9utica. Creo que las emociones son cruciales para el bienestar y el desarrollo humanos y proporcionan la energ\u00eda para desplegar nuestras relaciones internas y externas con el mundo.<\/p>\n<p>Me considero una terapeuta relacional, sistemico, experiencial y apoyo tu proceso de sanaci\u00f3n interno estando disponible para atender tus necesidades terap\u00e9uticas. Adem\u00e1s, proporciono un enfoque experiencial a su terapia, lo que implica comprometerme con la conciencia plena y facultades sensoriales que facilitan el crecimiento y cambio mediante experiencias internas de restauraci\u00f3n del bienestar necesario para seguir adelante con la vida.<\/p>\n<p>Por \u00faltimo, ofrezco una <em><strong>Pr\u00e1ctica Informada Polivagal<\/strong><\/em>, que ayuda a las personas a ser conscientes de las reacciones de su sistema nervioso a la seguridad y las amenazas en su vida cotidiana. Esta pr\u00e1ctica proporciona valiosas herramientas e informaci\u00f3n para la regulaci\u00f3n emocional.<\/p>\n<p>Soy miembro orgulloso de varias asociaciones profesionales europeas, incluyendo la EABP, ESTD y BPS.<\/p>\n<p>Gracias por visitar mi p\u00e1gina web. Espero poder apoyarte en tu viaje hacia la plenitud, el conocimiento de ti mismo y tu desarrollo \u00f3ptimo.\u00a0<\/p>\n\t\t\t\t\t\t\t\t<\/div>\n\t\t\t\t<\/div>\n\t\t\t\t\t<\/div>\n\t\t<\/div>\n\t\t\t\t\t<\/div>\n\t\t<\/section>\n\t\t\t\t<section class=\"elementor-section elementor-top-section elementor-element elementor-element-9971a99 elementor-section-height-min-height elementor-section-boxed elementor-section-height-default elementor-section-items-middle\" data-id=\"9971a99\" data-element_type=\"section\" data-e-type=\"section\" data-settings=\"{&quot;background_background&quot;:&quot;classic&quot;}\">\n\t\t\t\t\t\t<div class=\"elementor-container elementor-column-gap-default\">\n\t\t\t\t\t<div class=\"elementor-column elementor-col-100 elementor-top-column elementor-element elementor-element-5a33365\" data-id=\"5a33365\" data-element_type=\"column\" data-e-type=\"column\" data-settings=\"{&quot;background_background&quot;:&quot;classic&quot;}\">\n\t\t\t<div class=\"elementor-widget-wrap elementor-element-populated\">\n\t\t\t\t\t<div class=\"elementor-background-overlay\"><\/div>\n\t\t\t\t\t\t<div class=\"elementor-element elementor-element-9f0b4ab elementor-widget elementor-widget-text-editor\" data-id=\"9f0b4ab\" data-element_type=\"widget\" data-e-type=\"widget\" data-widget_type=\"text-editor.default\">\n\t\t\t\t<div class=\"elementor-widget-container\">\n\t\t\t\t\t\t\t\t\t<p><em>\u201cNo crecemos absolutamente, cronol\u00f3gicamente. A veces crecemos en una dimensi\u00f3n y no en otra; de manera desigual. Crecemos parcialmente. Somos relativos. Somos maduros en un \u00e1mbito, infantiles en otro. El pasado, el presente y el futuro se mezclan y nos empujan hacia atr\u00e1s, hacia adelante o nos fijan en el presente. Estamos hechos de capas, c\u00e9lulas, constelaciones\u201d<\/em><\/p>\n\t\t\t\t\t\t\t\t<\/div>\n\t\t\t\t<\/div>\n\t\t\t\t<div class=\"elementor-element elementor-element-9588eea elementor-widget elementor-widget-text-editor\" data-id=\"9588eea\" data-element_type=\"widget\" data-e-type=\"widget\" data-widget_type=\"text-editor.default\">\n\t\t\t\t<div class=\"elementor-widget-container\">\n\t\t\t\t\t\t\t\t\t<p><strong>\u2015 Anais Nin<\/strong><\/p>\n\t\t\t\t\t\t\t\t<\/div>\n\t\t\t\t<\/div>\n\t\t\t\t\t<\/div>\n\t\t<\/div>\n\t\t\t\t\t<\/div>\n\t\t<\/section>\n\t\t\t\t<section class=\"elementor-section elementor-top-section elementor-element elementor-element-18f99a1 elementor-section-boxed elementor-section-height-default elementor-section-height-default\" data-id=\"18f99a1\" data-element_type=\"section\" data-e-type=\"section\">\n\t\t\t\t\t\t<div class=\"elementor-container elementor-column-gap-default\">\n\t\t\t\t\t<div class=\"elementor-column elementor-col-50 elementor-top-column elementor-element elementor-element-178d5b1\" data-id=\"178d5b1\" data-element_type=\"column\" data-e-type=\"column\">\n\t\t\t<div class=\"elementor-widget-wrap elementor-element-populated\">\n\t\t\t\t\t\t<div class=\"elementor-element elementor-element-af86cd0 afp-text-align-left elementor-widget elementor-widget-heading\" data-id=\"af86cd0\" data-element_type=\"widget\" data-e-type=\"widget\" data-widget_type=\"heading.default\">\n\t\t\t\t<div class=\"elementor-widget-container\">\n\t\t\t\t\t<h2 class=\"elementor-heading-title elementor-size-default\">Llevo <span style=\"color: #81B135\">25 a\u00f1os<\/span> en pr\u00e1ctica  supervisada de la psicoterapia, acompa\u00f1ado por supervisores cl\u00ednicos acreditados y con experiencia.<\/h2>\t\t\t\t<\/div>\n\t\t\t\t<\/div>\n\t\t\t\t\t<\/div>\n\t\t<\/div>\n\t\t\t\t<div class=\"elementor-column elementor-col-50 elementor-top-column elementor-element elementor-element-36a3c51\" data-id=\"36a3c51\" data-element_type=\"column\" data-e-type=\"column\">\n\t\t\t<div class=\"elementor-widget-wrap elementor-element-populated\">\n\t\t\t\t\t\t<div class=\"elementor-element elementor-element-07b65a4 elementor-widget elementor-widget-text-editor\" data-id=\"07b65a4\" data-element_type=\"widget\" data-e-type=\"widget\" data-widget_type=\"text-editor.default\">\n\t\t\t\t<div class=\"elementor-widget-container\">\n\t\t\t\t\t\t\t\t\t<p>Como terapeuta, he elegido ser cliente de terapia y seguir mi propio proceso cotidianamente, recibir supervisi\u00f3n de pacientes \/clientes y participar en una formaci\u00f3n profesional continuada durante los \u00faltimos 25 a\u00f1os.<\/p>\n<p>Por eso he recibido una amplia formaci\u00f3n directamente con algunos de los maestros m\u00e1s respetados en este campo, como el Dr. Porges, Deb Dana, Diana Fosha, Richard Schwartz, Alexis Johnson, Ruth Lanius y Frank Corrigan.<\/p>\n<p>Tambi\u00e9n he cumplido los requisitos de pr\u00e1ctica supervisada, horas de trabajo independiente y horas de formaci\u00f3n establecidos por diversos organismos profesionales como EABP y BPS.<\/p>\n<p>Adem\u00e1s, tengo un Grado con honores, B.Sc. Hons. Degree in Psychology from The Open University, Great Britain. Actualmente estoy cursando un m\u00e1ster en Ciencias de la Salud Mental en la misma anima mater.<\/p>\n<p>En 2004, fund\u00e9 el Instituto de los Cuatro Ciclos, que ofrece formaci\u00f3n profesional para cl\u00ednicos, y la Editorial Eleftheria, SL, una conocida editorial de Barcelona, Espa\u00f1a. Estos logros son testimonio de mi compromiso con este campo y de mi pasi\u00f3n por ayudar a los dem\u00e1s.<\/p>\n<p>Me dedico a proporcionar a mis clientes el m\u00e1ximo nivel de atenci\u00f3n posible. Mi amplia formaci\u00f3n y experiencia me han dotado de las habilidades y conocimientos necesarios para ayudar a los clientes a superar experiencias traum\u00e1ticas, traumas del desarrollo y problemas de apego en adultos.<\/p>\n<p>&nbsp;<\/p>\n\t\t\t\t\t\t\t\t<\/div>\n\t\t\t\t<\/div>\n\t\t\t\t\t<\/div>\n\t\t<\/div>\n\t\t\t\t\t<\/div>\n\t\t<\/section>\n\t\t\t\t<section class=\"elementor-section elementor-top-section elementor-element elementor-element-94c6a70 elementor-section-height-min-height elementor-section-boxed elementor-section-height-default elementor-section-items-middle\" data-id=\"94c6a70\" data-element_type=\"section\" data-e-type=\"section\" data-settings=\"{&quot;background_background&quot;:&quot;classic&quot;}\">\n\t\t\t\t\t\t<div class=\"elementor-container elementor-column-gap-default\">\n\t\t\t\t\t<div class=\"elementor-column elementor-col-100 elementor-top-column elementor-element elementor-element-24480cf\" data-id=\"24480cf\" data-element_type=\"column\" data-e-type=\"column\">\n\t\t\t<div class=\"elementor-widget-wrap elementor-element-populated\">\n\t\t\t\t\t\t<div class=\"elementor-element elementor-element-7a23959 elementor-widget elementor-widget-heading\" data-id=\"7a23959\" data-element_type=\"widget\" data-e-type=\"widget\" data-widget_type=\"heading.default\">\n\t\t\t\t<div class=\"elementor-widget-container\">\n\t\t\t\t\t<h2 class=\"elementor-heading-title elementor-size-default\">Pide una cita <\/h2>\t\t\t\t<\/div>\n\t\t\t\t<\/div>\n\t\t\t\t<div class=\"elementor-element elementor-element-352a86c elementor-widget elementor-widget-text-editor\" data-id=\"352a86c\" data-element_type=\"widget\" data-e-type=\"widget\" data-widget_type=\"text-editor.default\">\n\t\t\t\t<div class=\"elementor-widget-container\">\n\t\t\t\t\t\t\t\t\t<p>Enrique ofrece sesiones online, as\u00ed como sesiones presenciales en Sitges y Barcelona. Puedes reservar una sesi\u00f3n individual o un paquete de sesiones.<\/p>\n\t\t\t\t\t\t\t\t<\/div>\n\t\t\t\t<\/div>\n\t\t\t\t<div class=\"elementor-element elementor-element-d3b5755 elementor-align-center elementor-widget elementor-widget-button\" data-id=\"d3b5755\" data-element_type=\"widget\" data-e-type=\"widget\" data-widget_type=\"button.default\">\n\t\t\t\t<div class=\"elementor-widget-container\">\n\t\t\t\t\t\t\t\t\t<div class=\"elementor-button-wrapper\">\n\t\t\t\t\t<a class=\"elementor-button elementor-button-link elementor-size-sm\" href=\"https:\/\/enriquearellanofarias.com\/es\/pide-cita\/\">\n\t\t\t\t\t\t<span class=\"elementor-button-content-wrapper\">\n\t\t\t\t\t\t\t\t\t<span class=\"elementor-button-text\">Pedir una cita<\/span>\n\t\t\t\t\t<\/span>\n\t\t\t\t\t<\/a>\n\t\t\t\t<\/div>\n\t\t\t\t\t\t\t\t<\/div>\n\t\t\t\t<\/div>\n\t\t\t\t\t<\/div>\n\t\t<\/div>\n\t\t\t\t\t<\/div>\n\t\t<\/section>\n\t\t\t\t<\/div>\n\t\t","protected":false},"excerpt":{"rendered":"<p>Enrique Arellano Farias, Psic\u00f3logo y Psicoterapeuta, colegiado del Col.legi Oficial de la Psicolog\u00eda de Catalunya no. 34140, de la Sociedad Brit\u00e1nica de Psicologia BPS GMBPsS member no. 688592, y miembro de la EABP. \u00a1Hola y bienvenido a mi p\u00e1gina web! Mi nombre es Enrique Arellano Farias. Nac\u00ed en M\u00e9xico en 1967. Soy hispano, mexicano y &#8230; <a title=\"Acerca de mi\" class=\"read-more\" href=\"https:\/\/enriquearellanofarias.com\/es\/sobre-mi\/\" aria-label=\"Leer m\u00e1s sobre Acerca de mi\">Leer m\u00e1s<\/a><\/p>\n","protected":false},"author":7,"featured_media":0,"parent":0,"menu_order":0,"comment_status":"closed","ping_status":"closed","template":"","meta":{"footnotes":""},"class_list":["post-2040","page","type-page","status-publish"],"jetpack_sharing_enabled":true,"_links":{"self":[{"href":"https:\/\/enriquearellanofarias.com\/es\/wp-json\/wp\/v2\/pages\/2040","targetHints":{"allow":["GET"]}}],"collection":[{"href":"https:\/\/enriquearellanofarias.com\/es\/wp-json\/wp\/v2\/pages"}],"about":[{"href":"https:\/\/enriquearellanofarias.com\/es\/wp-json\/wp\/v2\/types\/page"}],"author":[{"embeddable":true,"href":"https:\/\/enriquearellanofarias.com\/es\/wp-json\/wp\/v2\/users\/7"}],"replies":[{"embeddable":true,"href":"https:\/\/enriquearellanofarias.com\/es\/wp-json\/wp\/v2\/comments?post=2040"}],"version-history":[{"count":64,"href":"https:\/\/enriquearellanofarias.com\/es\/wp-json\/wp\/v2\/pages\/2040\/revisions"}],"predecessor-version":[{"id":4431,"href":"https:\/\/enriquearellanofarias.com\/es\/wp-json\/wp\/v2\/pages\/2040\/revisions\/4431"}],"wp:attachment":[{"href":"https:\/\/enriquearellanofarias.com\/es\/wp-json\/wp\/v2\/media?parent=2040"}],"curies":[{"name":"wp","href":"https:\/\/api.w.org\/{rel}","templated":true}]}}